{"id":1006,"date":"2019-08-19T13:49:24","date_gmt":"2019-08-19T13:49:24","guid":{"rendered":"https:\/\/tropicaltraining.holiday\/?page_id=1006"},"modified":"2023-10-26T18:55:12","modified_gmt":"2023-10-26T18:55:12","slug":"stages-de-padel","status":"publish","type":"page","link":"https:\/\/tropicaltraining.holiday\/en\/stages-de-padel\/","title":{"rendered":"PADEL COURSES"},"content":{"rendered":"<div class=\"wp-block-image\">\n<figure class=\"aligncenter\"><img loading=\"lazy\" decoding=\"async\" width=\"1024\" height=\"576\" src=\"https:\/\/tropicaltraining.holiday\/wp-content\/uploads\/2019\/11\/FlyerVincent-1024x576.png\" alt=\"\" class=\"wp-image-1124\" srcset=\"https:\/\/tropicaltraining.holiday\/wp-content\/uploads\/2019\/11\/FlyerVincent-1024x576.png 1024w, https:\/\/tropicaltraining.holiday\/wp-content\/uploads\/2019\/11\/FlyerVincent-300x169.png 300w, https:\/\/tropicaltraining.holiday\/wp-content\/uploads\/2019\/11\/FlyerVincent-768x432.png 768w, https:\/\/tropicaltraining.holiday\/wp-content\/uploads\/2019\/11\/FlyerVincent.png 1599w\" sizes=\"(max-width: 1024px) 100vw, 1024px\" \/><\/figure><\/div>\n\n\n<div style=\"height:30px\" aria-hidden=\"true\" class=\"wp-block-spacer\"><\/div>\n\n\n\n<p class=\"translation-block\"><strong>Vincent<\/strong> <strong>Leroy<\/strong>, passionate sports educator specializing in tennis and padel for over 20 years, second Spanish national series player, will supervise and support you throughout your internship.<\/p>\n\n\n\n<p class=\"translation-block\"><strong>Vincent <\/strong>organizes padel courses in 3 categories:<\/p>\n\n\n\n<ul>\n<li class=\"translation-block\">The <strong>\u00ab\u00a0discovery\u00a0\u00bb <\/strong>course which is aimed at players who wish to learn and introduce themselves to this discipline.<\/li>\n\n\n\n<li class=\"translation-block\">The <strong>\u00ab\u00a0performance\u00a0\u00bb <\/strong> course, intended for experienced players who have mastered the yellow ball.<\/li>\n\n\n\n<li class=\"translation-block\">The <strong>\u00ab\u00a0intensive\u00a0\u00bb<\/strong> course for experienced players.<\/li>\n<\/ul>\n\n\n\n<div style=\"height:30px\" aria-hidden=\"true\" class=\"wp-block-spacer\"><\/div>\n\n\n\n<p class=\"has-vivid-green-cyan-background-color has-background translation-block\"><strong>DISCOVERY COURSE includes <em>7 hours <\/em>with:<\/strong><\/p>\n\n\n\n<p class=\"translation-block\"><strong>1 hour of training per day,<\/strong> one hour of personalized coaching, <strong>a match<\/strong>organized with local players of your level and <strong>1 sports massage done by a physiotherapist<\/strong>, 1 hour.<\/p>\n\n\n\n<p>This course will allow you to acquire gesture techniques and discover the first tactical situations in order to be able to play quickly with family or in a match. <\/p>\n\n\n\n<div style=\"height:30px\" aria-hidden=\"true\" class=\"wp-block-spacer\"><\/div>\n\n\n\n<p class=\"has-pale-cyan-blue-background-color has-background translation-block\"><strong>THE PERFORMANCE COURSE includes <em>1:30 hours<\/em><\/strong> <strong>with:<\/strong><\/p>\n\n\n\n<p class=\"translation-block\"><strong>7 hours 30 minutes of training<\/strong>, <strong>3 matches<\/strong> of 1<strong> <\/strong>hours 30 minutes<strong> <\/strong>, <strong>1 sports massage<\/strong> an hour.<\/p>\n\n\n\n<p>This course will allow you to refine your technique, define a strategy, implement tactical plans and improve your physical condition through specific exercises.<\/p>\n\n\n\n<div style=\"height:30px\" aria-hidden=\"true\" class=\"wp-block-spacer\"><\/div>\n\n\n\n<p class=\"has-very-light-gray-color has-very-dark-gray-background-color has-text-color has-background translation-block\"><strong>THE INTENSIVE COURSE includes<\/strong><em> <strong>19 hours<\/strong><\/em>, <strong>with: <\/strong><\/p>\n\n\n\n<p class=\"translation-block\"><strong>10 hours of training <\/strong>, and <strong>8 hours of matches <\/strong>(4 matches of 2 hours), <strong>1 massage<\/strong> of one hour.<\/p>\n\n\n\n<p>This course dedicated to the most seasoned, will allow you to approach padel from another angle such as developing a team strategy, determining tactical choices based on the defined strategy, improving your defensive and offensive qualities, playing in pairs (Spanish style!), adapt your skills to the spirit of padel.<\/p>\n\n\n\n<div style=\"height:30px\" aria-hidden=\"true\" class=\"wp-block-spacer\"><\/div>\n\n\n\n<p class=\"translation-block\">If you wish, we will find <strong>accommodation<\/strong> for you, we also have various ranges of apartments, hotels and houses or villas. These accommodations have been selected and verified by us. Do not hesitate to contact us!!<\/p>\n\n\n\n<div style=\"height:30px\" aria-hidden=\"true\" class=\"wp-block-spacer\"><\/div>\n\n\n\n<h3 class=\"wp-block-heading has-vivid-red-color has-text-color translation-block\"><span style=\"font-variant: small-caps\">COURSES <strong>PRICES<\/strong>: CONTACT US FROM 5 PEOPLE OR MORE!!!<\/span><\/h3>\n\n\n\n<div style=\"height:30px\" aria-hidden=\"true\" class=\"wp-block-spacer\"><\/div>\n\n\n\n<p class=\"has-vivid-green-cyan-background-color has-background translation-block\"><strong>DISCOVERY<\/strong> COURSE:<\/p>\n\n\n\n<ul>\n<li><strong>385 \u20ac<\/strong> for 1 person.<\/li>\n\n\n\n<li><strong>300 \u20ac  <\/strong>per person if 2 people.<\/li>\n\n\n\n<li><strong>275 \u20ac<\/strong> per person if 3 people.<\/li>\n\n\n\n<li><strong>250 \u20ac<\/strong> per person if 4 people.<\/li>\n<\/ul>\n\n\n\n<div style=\"height:30px\" aria-hidden=\"true\" class=\"wp-block-spacer\"><\/div>\n\n\n\n<p class=\"has-pale-cyan-blue-background-color has-background translation-block\"><strong>PERFORMANCE<\/strong> COURSE :<\/p>\n\n\n\n<ul>\n<li><strong>495 \u20ac <\/strong> for one person.<\/li>\n\n\n\n<li><strong>445 \u20ac<\/strong> per person if 2 people.<\/li>\n\n\n\n<li><strong>395 \u20ac<\/strong> per person if 3 people.<\/li>\n\n\n\n<li><strong>345 \u20ac <\/strong>per person if 4 people.<\/li>\n<\/ul>\n\n\n\n<div style=\"height:30px\" aria-hidden=\"true\" class=\"wp-block-spacer\"><\/div>\n\n\n\n<p class=\"has-very-light-gray-color has-very-dark-gray-background-color has-text-color has-background translation-block\"><strong>INTENSIVE<\/strong> COURSE:<\/p>\n\n\n\n<ul>\n<li><strong>605 \u20ac<\/strong> for one person.<\/li>\n\n\n\n<li><strong>550 \u20ac <\/strong>per person if two people.<\/li>\n\n\n\n<li><strong>495 \u20ac <\/strong>per person if 3 people.<\/li>\n\n\n\n<li><strong>440 \u20ac <\/strong>per person if 4 people.<\/li>\n<\/ul>\n\n\n\n<p>FROM 5 PEOPLE CONTACT US FOR A PERSONALIZED QUOTE.<\/p>\n\n\n\n<div style=\"height:30px\" aria-hidden=\"true\" class=\"wp-block-spacer\"><\/div>\n\n\n<div class=\"wp-block-image\">\n<figure class=\"aligncenter size-full\"><img loading=\"lazy\" decoding=\"async\" width=\"432\" height=\"576\" src=\"https:\/\/tropicaltraining.holiday\/wp-content\/uploads\/2020\/12\/Vincent-Coach2.jpg\" alt=\"\" class=\"wp-image-1190\" srcset=\"https:\/\/tropicaltraining.holiday\/wp-content\/uploads\/2020\/12\/Vincent-Coach2.jpg 432w, https:\/\/tropicaltraining.holiday\/wp-content\/uploads\/2020\/12\/Vincent-Coach2-225x300.jpg 225w\" sizes=\"(max-width: 432px) 100vw, 432px\" \/><\/figure><\/div>\n\n\n<div style=\"height:30px\" aria-hidden=\"true\" class=\"wp-block-spacer\"><\/div>\n\n\n\n<p><strong>PADEL TRAINING:<\/strong><\/p>\n\n\n\n<p class=\"translation-block\"><span style=\"font-variant: small-caps\"><strong>Tropical Training<\/strong><\/span>, a family business, organizes  padel sessions, one session \"discovery\", for players who desire learn and begin with padel. One session \"performance\", for confirmed players and one session.<\/p>\n\n\n\n<p>Vincent Leroy, sportive educator, passionated and specialized in tennis and padel since more 20 years, 2nd player of SNP (Series Nacionales de P\u00e1del), will teach you during these trainings.<\/p>\n\n\n\n<p>The discovery session includes 7 hours distributed in 5 days; 1h of training by day, 1h of personalized coaching, 1 match organised with local players of your level, and 1 relaxing massage.<\/p>\n\n\n\n<p>The performance training includes 13h in 5 days with 5h of training (1h training\/day), 4,5h of matches, 2 sports massages, 1h of personalized coaching.<\/p>\n\n\n\n<p>These sessions will allow you to refine your technique, to define a strategy, to set up tactical schemes and improve your fitness through specific exercises.<\/p>\n\n\n\n<p>If you are looking for accomodations, we know various range of apartments, hotels and to rent. These accomodations have been selected and checked by us. Do not hesitate to contact us.<\/p>\n\n\n\n<p><strong>CONTACT US FOR ANY QUESTIONS!<\/strong><\/p>","protected":false},"excerpt":{"rendered":"<p>Vincent Leroy, \u00e9ducateur sportif passionn\u00e9 et sp\u00e9cialis\u00e9 dans le tennis et le padel depuis plus de 20 ans, joueur de seconde s\u00e9rie nationale espagnole, vous encadrera et accompagnera tout au long de votre stage. Vincent organise des stages de padel de 3 cat\u00e9gories: STAGE D\u00c9COUVERTE comprend 7 heures avec : 1 h d&rsquo;entrainement par jour, [&hellip;]<\/p>","protected":false},"author":2,"featured_media":0,"parent":0,"menu_order":6,"comment_status":"closed","ping_status":"closed","template":"","meta":{"om_disable_all_campaigns":false,"_monsterinsights_skip_tracking":false,"_monsterinsights_sitenote_active":false,"_monsterinsights_sitenote_note":"","_monsterinsights_sitenote_category":0,"footnotes":""},"aioseo_notices":[],"_links":{"self":[{"href":"https:\/\/tropicaltraining.holiday\/en\/wp-json\/wp\/v2\/pages\/1006"}],"collection":[{"href":"https:\/\/tropicaltraining.holiday\/en\/wp-json\/wp\/v2\/pages"}],"about":[{"href":"https:\/\/tropicaltraining.holiday\/en\/wp-json\/wp\/v2\/types\/page"}],"author":[{"embeddable":true,"href":"https:\/\/tropicaltraining.holiday\/en\/wp-json\/wp\/v2\/users\/2"}],"replies":[{"embeddable":true,"href":"https:\/\/tropicaltraining.holiday\/en\/wp-json\/wp\/v2\/comments?post=1006"}],"version-history":[{"count":24,"href":"https:\/\/tropicaltraining.holiday\/en\/wp-json\/wp\/v2\/pages\/1006\/revisions"}],"predecessor-version":[{"id":1472,"href":"https:\/\/tropicaltraining.holiday\/en\/wp-json\/wp\/v2\/pages\/1006\/revisions\/1472"}],"wp:attachment":[{"href":"https:\/\/tropicaltraining.holiday\/en\/wp-json\/wp\/v2\/media?parent=1006"}],"curies":[{"name":"wp","href":"https:\/\/api.w.org\/{rel}","templated":true}]}}