{"id":1006,"date":"2019-08-19T13:49:24","date_gmt":"2019-08-19T13:49:24","guid":{"rendered":"https:\/\/tropicaltraining.holiday\/?page_id=1006"},"modified":"2023-10-26T18:55:12","modified_gmt":"2023-10-26T18:55:12","slug":"stages-de-padel","status":"publish","type":"page","link":"https:\/\/tropicaltraining.holiday\/es\/stages-de-padel\/","title":{"rendered":"CURSOS DE P\u00c1DEL"},"content":{"rendered":"<div class=\"wp-block-image\">\n<figure class=\"aligncenter\"><img loading=\"lazy\" decoding=\"async\" width=\"1024\" height=\"576\" src=\"https:\/\/tropicaltraining.holiday\/wp-content\/uploads\/2019\/11\/FlyerVincent-1024x576.png\" alt=\"\" class=\"wp-image-1124\" srcset=\"https:\/\/tropicaltraining.holiday\/wp-content\/uploads\/2019\/11\/FlyerVincent-1024x576.png 1024w, https:\/\/tropicaltraining.holiday\/wp-content\/uploads\/2019\/11\/FlyerVincent-300x169.png 300w, https:\/\/tropicaltraining.holiday\/wp-content\/uploads\/2019\/11\/FlyerVincent-768x432.png 768w, https:\/\/tropicaltraining.holiday\/wp-content\/uploads\/2019\/11\/FlyerVincent.png 1599w\" sizes=\"(max-width: 1024px) 100vw, 1024px\" \/><\/figure><\/div>\n\n\n<div style=\"height:30px\" aria-hidden=\"true\" class=\"wp-block-spacer\"><\/div>\n\n\n\n<p class=\"translation-block\"><strong>Vincent<\/strong> <strong>Leroy<\/strong>, apasionado educador deportivo especializado en tenis y p\u00e1del desde hace m\u00e1s de 20 a\u00f1os, segundo jugador espa\u00f1ol de series nacionales, te supervisar\u00e1 y apoyar\u00e1 durante tus pr\u00e1cticas.<\/p>\n\n\n\n<p class=\"translation-block\"><strong>Vincent <\/strong>organiza cursos de p\u00e1del en 3 categor\u00edas:<\/p>\n\n\n\n<ul>\n<li class=\"translation-block\">El curso <strong>\u00ab\u00a0descubrimiento\u00a0\u00bb <\/strong> que est\u00e1 dirigido a jugadores que deseen aprender e introducirse en esta disciplina.<\/li>\n\n\n\n<li class=\"translation-block\">El curso <strong>\u00ab\u00a0rendimiento\u00a0\u00bb <\/strong>, destinado a jugadores experimentados que dominan la pelota amarilla.<\/li>\n\n\n\n<li class=\"translation-block\">El curso <strong>\u00ab\u00a0intensivo\u00a0\u00bb<\/strong> para jugadores experimentados.<\/li>\n<\/ul>\n\n\n\n<div style=\"height:30px\" aria-hidden=\"true\" class=\"wp-block-spacer\"><\/div>\n\n\n\n<p class=\"has-vivid-green-cyan-background-color has-background translation-block\"><strong>El CURSO DESCUBRIMIENTO incluye <em>7 horas <\/em>con:<\/strong><\/p>\n\n\n\n<p class=\"translation-block\"><strong>1 hora de entrenamiento al d\u00eda,<\/strong> una hora de coaching personalizado, <strong>un partido<\/strong> organizado con jugadores locales de tu nivel y <strong>1 masaje deportivo realizado por un fisioterapeuta<\/strong>, de 1 hora .<\/p>\n\n\n\n<p>Este curso te permitir\u00e1 adquirir t\u00e9cnicas gestuales y descubrir las primeras situaciones t\u00e1cticas para poder jugar r\u00e1pidamente en familia o en un partido. <\/p>\n\n\n\n<div style=\"height:30px\" aria-hidden=\"true\" class=\"wp-block-spacer\"><\/div>\n\n\n\n<p class=\"has-pale-cyan-blue-background-color has-background translation-block\"><strong>EL CURSO RENDIMIENTO incluye <em>1:30 horas<\/em><\/strong> <strong>con:<\/strong><\/p>\n\n\n\n<p class=\"translation-block\"><strong>7 horas 30 minutos de entrenamiento<\/strong>, <strong>3 partidos<\/strong> de 1<strong> <\/strong>hora 30 minutos<strong> <\/strong>, <strong>1 masaje deportivo<\/strong> una hora.<\/p>\n\n\n\n<p>Este curso te permitir\u00e1 perfeccionar tu t\u00e9cnica, definir una estrategia, implementar planes t\u00e1cticos y mejorar tu condici\u00f3n f\u00edsica a trav\u00e9s de ejercicios espec\u00edficos.<\/p>\n\n\n\n<div style=\"height:30px\" aria-hidden=\"true\" class=\"wp-block-spacer\"><\/div>\n\n\n\n<p class=\"has-very-light-gray-color has-very-dark-gray-background-color has-text-color has-background translation-block\"><strong>EL CURSO INTENSIVO incluye<\/strong><em> <strong>19 horas<\/strong><\/em>, <strong>con: <\/strong><\/p>\n\n\n\n<p class=\"translation-block\"><strong>10 horas de entrenamiento<\/strong>, y <strong>8 horas de partidos<\/strong>(4 partidos de 2 horas), <strong>1 masaje<\/strong> de una hora.<\/p>\n\n\n\n<p>Este curso dedicado a los m\u00e1s experimentados, te permitir\u00e1 abordar el p\u00e1del desde otro \u00e1ngulo como desarrollar una estrategia de equipo, determinar elecciones t\u00e1cticas en base a la estrategia definida, mejorar tus cualidades defensivas y ofensivas, jugar en parejas (\u00a1estilo espa\u00f1ol!) , adapta tus habilidades al esp\u00edritu del p\u00e1del.<\/p>\n\n\n\n<div style=\"height:30px\" aria-hidden=\"true\" class=\"wp-block-spacer\"><\/div>\n\n\n\n<p class=\"translation-block\">Si lo deseas te buscamos <strong>alojamiento<\/strong>, tambi\u00e9n disponemos de diversas gamas de apartamentos, hoteles y casas o villas. Estos alojamientos han sido seleccionados y verificados por nosotros. \u00a1\u00a1No dude en contactar con nosotros!!<\/p>\n\n\n\n<div style=\"height:30px\" aria-hidden=\"true\" class=\"wp-block-spacer\"><\/div>\n\n\n\n<h3 class=\"wp-block-heading has-vivid-red-color has-text-color translation-block\"><span style=\"font-variant: small-caps\"><strong>PRECIO<\/strong> DE CURSOS: \u00a1\u00a1\u00a1CONT\u00c1CTANOS A PARTIR DE 5 PERSONAS!!!<\/span><\/h3>\n\n\n\n<div style=\"height:30px\" aria-hidden=\"true\" class=\"wp-block-spacer\"><\/div>\n\n\n\n<p class=\"has-vivid-green-cyan-background-color has-background translation-block\">CURSO <strong>DESCUBRIMIENTO<\/strong>  :<\/p>\n\n\n\n<ul>\n<li><strong>385 \u20ac<\/strong> para 1 persona.<\/li>\n\n\n\n<li><strong>300 \u20ac  <\/strong>por persona si son 2 personas.<\/li>\n\n\n\n<li><strong>275 \u20ac<\/strong> por persona si son 3 personas.<\/li>\n\n\n\n<li><strong>250 \u20ac<\/strong> por persona si son 4 personas.<\/li>\n<\/ul>\n\n\n\n<div style=\"height:30px\" aria-hidden=\"true\" class=\"wp-block-spacer\"><\/div>\n\n\n\n<p class=\"has-pale-cyan-blue-background-color has-background translation-block\">CURSO <strong>RENDIMIENTO<\/strong> :<\/p>\n\n\n\n<ul>\n<li><strong>495 \u20ac <\/strong> para una persona<\/li>\n\n\n\n<li><strong>445 \u20ac<\/strong> por persona si son 2 personas.<\/li>\n\n\n\n<li><strong>395 \u20ac<\/strong> por persona si son 3 personas.<\/li>\n\n\n\n<li><strong>345 \u20ac <\/strong>por persona si son 4 personas.<\/li>\n<\/ul>\n\n\n\n<div style=\"height:30px\" aria-hidden=\"true\" class=\"wp-block-spacer\"><\/div>\n\n\n\n<p class=\"has-very-light-gray-color has-very-dark-gray-background-color has-text-color has-background translation-block\">CURSO<strong> INTENSIVO :<\/strong><\/p>\n\n\n\n<ul>\n<li><strong>605 \u20ac<\/strong> para una persona<\/li>\n\n\n\n<li><strong>550 \u20ac <\/strong>por persona si son dos personas.<\/li>\n\n\n\n<li><strong>495 \u20ac <\/strong>por persona si son 3 personas.<\/li>\n\n\n\n<li><strong>440 \u20ac <\/strong>por persona si son 4 personas.<\/li>\n<\/ul>\n\n\n\n<p>A PARTIR DE 5 PERSONAS CONTACTA CON NOSOTROS PARA UN PRESUPUESTO PERSONALIZADO.<\/p>\n\n\n\n<div style=\"height:30px\" aria-hidden=\"true\" class=\"wp-block-spacer\"><\/div>\n\n\n<div class=\"wp-block-image\">\n<figure class=\"aligncenter size-full\"><img loading=\"lazy\" decoding=\"async\" width=\"432\" height=\"576\" src=\"https:\/\/tropicaltraining.holiday\/wp-content\/uploads\/2020\/12\/Vincent-Coach2.jpg\" alt=\"\" class=\"wp-image-1190\" srcset=\"https:\/\/tropicaltraining.holiday\/wp-content\/uploads\/2020\/12\/Vincent-Coach2.jpg 432w, https:\/\/tropicaltraining.holiday\/wp-content\/uploads\/2020\/12\/Vincent-Coach2-225x300.jpg 225w\" sizes=\"(max-width: 432px) 100vw, 432px\" \/><\/figure><\/div>\n\n\n<div style=\"height:30px\" aria-hidden=\"true\" class=\"wp-block-spacer\"><\/div>\n\n\n\n<p><strong>ENTRENAMIENTO DE P\u00c1DEL:<\/strong><\/p>\n\n\n\n<p class=\"translation-block\"><span style=\"font-variant: small-caps\"><strong>Tropical Training<\/strong><\/span>, empresa familiar, organiza sesiones de p\u00e1del, una sesi\u00f3n \"descubrimiento\", para jugadores que deseen aprender e iniciarse en el p\u00e1del. Una sesi\u00f3n \"actuaci\u00f3n\", para jugadores confirmados y una sesi\u00f3n.<\/p>\n\n\n\n<p>Vincent Leroy, educador deportivo, apasionado y especializado en tenis y p\u00e1del desde hace m\u00e1s de 20 a\u00f1os, 2\u00ba jugador de SNP (Series Nacionales de P\u00e1del), te ense\u00f1ar\u00e1 durante estos entrenamientos.<\/p>\n\n\n\n<p>La sesi\u00f3n de descubrimiento incluye 7 horas distribuidas en 5 d\u00edas; 1h de entrenamiento por d\u00eda, 1h de coaching personalizado, 1 partido organizado con jugadores locales de tu nivel y 1 masaje relajante.<\/p>\n\n\n\n<p>El entrenamiento de rendimiento incluye 13h en 5 d\u00edas con 5h de entrenamiento (1h de entrenamiento\/d\u00eda), 4,5h de partidos, 2 masajes deportivos, 1h de coaching personalizado.<\/p>\n\n\n\n<p>Estas sesiones te permitir\u00e1n perfeccionar tu t\u00e9cnica, definir una estrategia, establecer esquemas t\u00e1cticos y mejorar tu forma f\u00edsica a trav\u00e9s de ejercicios espec\u00edficos.<\/p>\n\n\n\n<p>Si buscas alojamiento, conocemos una variada gama de apartamentos, hoteles y alquileres. Estos alojamientos han sido seleccionados y comprobados por nosotros. No dude en ponerse en contacto con nosotros.<\/p>\n\n\n\n<p><strong>\u00a1CONT\u00c1CTANOS PARA CUALQUIER PREGUNTA!<\/strong><\/p>","protected":false},"excerpt":{"rendered":"<p>Vincent Leroy, \u00e9ducateur sportif passionn\u00e9 et sp\u00e9cialis\u00e9 dans le tennis et le padel depuis plus de 20 ans, joueur de seconde s\u00e9rie nationale espagnole, vous encadrera et accompagnera tout au long de votre stage. Vincent organise des stages de padel de 3 cat\u00e9gories: STAGE D\u00c9COUVERTE comprend 7 heures avec : 1 h d&rsquo;entrainement par jour, [&hellip;]<\/p>","protected":false},"author":2,"featured_media":0,"parent":0,"menu_order":6,"comment_status":"closed","ping_status":"closed","template":"","meta":{"om_disable_all_campaigns":false,"_monsterinsights_skip_tracking":false,"_monsterinsights_sitenote_active":false,"_monsterinsights_sitenote_note":"","_monsterinsights_sitenote_category":0,"footnotes":""},"aioseo_notices":[],"_links":{"self":[{"href":"https:\/\/tropicaltraining.holiday\/es\/wp-json\/wp\/v2\/pages\/1006"}],"collection":[{"href":"https:\/\/tropicaltraining.holiday\/es\/wp-json\/wp\/v2\/pages"}],"about":[{"href":"https:\/\/tropicaltraining.holiday\/es\/wp-json\/wp\/v2\/types\/page"}],"author":[{"embeddable":true,"href":"https:\/\/tropicaltraining.holiday\/es\/wp-json\/wp\/v2\/users\/2"}],"replies":[{"embeddable":true,"href":"https:\/\/tropicaltraining.holiday\/es\/wp-json\/wp\/v2\/comments?post=1006"}],"version-history":[{"count":24,"href":"https:\/\/tropicaltraining.holiday\/es\/wp-json\/wp\/v2\/pages\/1006\/revisions"}],"predecessor-version":[{"id":1472,"href":"https:\/\/tropicaltraining.holiday\/es\/wp-json\/wp\/v2\/pages\/1006\/revisions\/1472"}],"wp:attachment":[{"href":"https:\/\/tropicaltraining.holiday\/es\/wp-json\/wp\/v2\/media?parent=1006"}],"curies":[{"name":"wp","href":"https:\/\/api.w.org\/{rel}","templated":true}]}}