{"id":108,"date":"2019-01-11T12:58:04","date_gmt":"2019-01-11T12:58:04","guid":{"rendered":"http:\/\/tropicaltraining.holiday\/?page_id=108"},"modified":"2023-12-07T11:33:53","modified_gmt":"2023-12-07T11:33:53","slug":"accueil","status":"publish","type":"page","link":"https:\/\/tropicaltraining.holiday\/es\/","title":{"rendered":"Inicio"},"content":{"rendered":"<div class=\"carousel-slider-outer carousel-slider-outer-hero-banner-slider carousel-slider-outer-701 swiper navigation-visibility-never navigation-position-inside pagination-visibility-never pagination-shape-square pagination-align-center\" style=\"--carousel-slider-nav-color:#f1f1f1;--carousel-slider-active-nav-color:#00d1b2;--carousel-slider-arrow-size:48px;--carousel-slider-bullet-size:10px;--swiper-theme-color:#f1f1f1;--swiper-navigation-size:48px;--swiper-pagination-bullet-size:10px\">\n<div id=\"&#039;id-701\" class=\"carousel-slider carousel-slider-701 arrows-visibility-never dots-visibility-never arrows-inside dots-center dots-square swiper-wrapper\" data-slide-type=\"hero-banner-slider\" data-swiper='{\"navigation\":false,\"pagination\":false,\"direction\":\"horizontal\",\"loop\":true,\"slidesOffsetBefore\":0,\"slidesOffsetAfter\":0,\"speed\":500,\"spaceBetween\":10,\"slidesPerView\":1,\"autoplay\":{\"delay\":5000,\"pauseOnMouseEnter\":true}}' data-animation=\"zoomIn\">\n<div class=\"swiper-slide\"><div class=\"carousel-slider-hero__cell hero__cell-1\" style=\"--cell-height: 400px\"><div id=\"slide-item-701-1\" class=\"carousel-slider-hero__cell__background carousel-slider-hero-ken-in\" style=\"background-position:center center;background-size:cover;background-image:url(https:\/\/tropicaltraining.holiday\/wp-content\/uploads\/2019\/05\/01-Padel.jpg);background-color:rgba(255,255,255,0.5)\"><\/div><div class=\"carousel-slider-hero__cell__inner carousel-slider--h-position-center carousel-slider--v-position-middle carousel-slider--text-center\" style=\"padding-top:1rem;padding-right:1rem;padding-bottom:1rem;padding-left:1rem\"><div class=\"carousel-slider-hero__cell__background_overlay\" style=\"background-color: rgba(237,39,0,0.6);\"><\/div><div class=\"carousel-slider-hero__cell__content hidden\" style=\"max-width:960px\" data-animation=\"zoomIn\"><div class=\"carousel-slider-hero__cell__heading\" style=\"--cs-heading-font-size:40px;--cs-heading-gutter:30px;--cs-heading-color:rgb(255,255,255)\">Deporte para Todos<\/div><div class=\"carousel-slider-hero__cell__description\" style=\"--cs-description-font-size:20px;--cs-description-gutter:30px;--cs-description-color:rgb(255,255,255)\">P\u00c1DEL y TENIS<\/div><div class=\"carousel-slider-hero__cell__buttons\"><span class=\"carousel-slider-hero__cell__button__one\" style=\"--cs-button-bg-color:#ffffff;--cs-button-color:#000000;--cs-button-border-width:3px;--cs-button-border-radius:0px\"><a class=\"button cs-hero-button cs-hero-button-1-1 cs-hero-button-stroke cs-hero-button-medium\" href=\"https:\/\/tropicaltraining.holiday\/es\/stages-de-padel\/\" target=\"_self\">Leer m\u00e1s...<\/a><\/span><\/div><\/div><\/div><\/div><\/div>\n<div class=\"swiper-slide\"><div class=\"carousel-slider-hero__cell hero__cell-2\" style=\"--cell-height: 400px\"><div id=\"slide-item-701-2\" class=\"carousel-slider-hero__cell__background carousel-slider-hero-ken-in\" style=\"background-position:center center;background-size:cover;background-image:url(https:\/\/tropicaltraining.holiday\/wp-content\/uploads\/2023\/10\/02-Playtomic.jpg);background-color:rgba(255,255,255,0.5)\"><\/div><div class=\"carousel-slider-hero__cell__inner carousel-slider--h-position-center carousel-slider--v-position-middle carousel-slider--text-center\" style=\"padding-top:1rem;padding-right:1rem;padding-bottom:1rem;padding-left:1rem\"><div class=\"carousel-slider-hero__cell__background_overlay\" style=\"background-color: rgba(237,39,0,0.6);\"><\/div><div class=\"carousel-slider-hero__cell__content hidden\" style=\"max-width:960px\" data-animation=\"zoomIn\"><div class=\"carousel-slider-hero__cell__heading\" style=\"--cs-heading-font-size:40px;--cs-heading-gutter:30px;--cs-heading-color:rgb(255,255,255)\">\u00a1Estamos en Playtomic!<\/div><div class=\"carousel-slider-hero__cell__description\" style=\"--cs-description-font-size:20px;--cs-description-gutter:30px;--cs-description-color:rgb(255,255,255)\">Reserva pista, socializa y sube de nivel<\/div><div class=\"carousel-slider-hero__cell__buttons\"><span class=\"carousel-slider-hero__cell__button__one\" style=\"--cs-button-bg-color:#ffffff;--cs-button-color:#000000;--cs-button-border-width:3px;--cs-button-border-radius:0px\"><a class=\"button cs-hero-button cs-hero-button-2-1 cs-hero-button-stroke cs-hero-button-medium\" href=\"https:\/\/tropicaltraining.holiday\/es\/playtomic\/\" target=\"_self\">Leer m\u00e1s...<\/a><\/span><\/div><\/div><\/div><\/div><\/div>\n<div class=\"swiper-slide\"><div class=\"carousel-slider-hero__cell hero__cell-3\" style=\"--cell-height: 400px\"><div id=\"slide-item-701-3\" class=\"carousel-slider-hero__cell__background carousel-slider-hero-ken-in\" style=\"background-position:center center;background-size:cover;background-image:url(https:\/\/tropicaltraining.holiday\/wp-content\/uploads\/2019\/05\/03-Alhambra-noche.jpg);background-color:rgba(0,0,0,0.6)\"><\/div><div class=\"carousel-slider-hero__cell__inner carousel-slider--h-position-center carousel-slider--v-position-middle carousel-slider--text-center\" style=\"padding-top:1rem;padding-right:1rem;padding-bottom:1rem;padding-left:1rem\"><div class=\"carousel-slider-hero__cell__background_overlay\" style=\"background-color: rgba(237,39,0,0.2);\"><\/div><div class=\"carousel-slider-hero__cell__content hidden\" style=\"max-width:960px\" data-animation=\"zoomIn\"><div class=\"carousel-slider-hero__cell__heading\" style=\"--cs-heading-font-size:40px;--cs-heading-gutter:30px;--cs-heading-color:#ffffff\">Ocio y Cultura en Andaluc\u00eda<\/div><div class=\"carousel-slider-hero__cell__description\" style=\"--cs-description-font-size:20px;--cs-description-gutter:30px;--cs-description-color:#ffffff\">Descubrir\u00e1s los ricos paisajes de Andaluc\u00eda, sus famosos pueblos blancos, Granada y su Alhambra\u2026<\/div><div class=\"carousel-slider-hero__cell__buttons\"><span class=\"carousel-slider-hero__cell__button__one\" style=\"--cs-button-bg-color:#ffffff;--cs-button-color:#323232;--cs-button-border-width:3px;--cs-button-border-radius:0px\"><a class=\"button cs-hero-button cs-hero-button-3-1 cs-hero-button-stroke cs-hero-button-medium\" href=\"https:\/\/tropicaltraining.holiday\/es\/sports-loisirs-culture\/\" target=\"_self\">Leer m\u00e1s...<\/a><\/span><\/div><\/div><\/div><\/div><\/div>\n<div class=\"swiper-slide\"><div class=\"carousel-slider-hero__cell hero__cell-4\" style=\"--cell-height: 400px\"><div id=\"slide-item-701-4\" class=\"carousel-slider-hero__cell__background carousel-slider-hero-ken-in\" style=\"background-position:center center;background-size:cover;background-image:url(https:\/\/tropicaltraining.holiday\/wp-content\/uploads\/2019\/05\/04-Nerja.jpg);background-color:rgba(0,0,0,0.6)\"><\/div><div class=\"carousel-slider-hero__cell__inner carousel-slider--h-position-center carousel-slider--v-position-middle carousel-slider--text-center\" style=\"padding-top:1rem;padding-right:1rem;padding-bottom:1rem;padding-left:1rem\"><div class=\"carousel-slider-hero__cell__background_overlay\" style=\"background-color: rgba(237,39,0,0.2);\"><\/div><div class=\"carousel-slider-hero__cell__content hidden\" style=\"max-width:960px\" data-animation=\"zoomIn\"><div class=\"carousel-slider-hero__cell__heading\" style=\"--cs-heading-font-size:40px;--cs-heading-gutter:30px;--cs-heading-color:#ffffff\">Venir a Espa\u00f1a<\/div><div class=\"carousel-slider-hero__cell__description\" style=\"--cs-description-font-size:20px;--cs-description-gutter:30px;--cs-description-color:#ffffff\">Todo el a\u00f1o<\/div><div class=\"carousel-slider-hero__cell__buttons\"><span class=\"carousel-slider-hero__cell__button__one\" style=\"--cs-button-bg-color:#ffffff;--cs-button-color:#323232;--cs-button-border-width:3px;--cs-button-border-radius:0px\"><a class=\"button cs-hero-button cs-hero-button-4-1 cs-hero-button-stroke cs-hero-button-medium\" href=\"https:\/\/tropicaltraining.holiday\/es\/sports-loisirs-culture\/\" target=\"_self\">Leer m\u00e1s...<\/a><\/span><\/div><\/div><\/div><\/div><\/div>\n<\/div><!-- .carousel-slider-701 -->\n<\/div><!-- .carousel-slider-outer-701 -->\n\n\n\n\n<div style=\"height:30px\" aria-hidden=\"true\" class=\"wp-block-spacer\"><\/div>\n\n\n\n<h4 class=\"wp-block-heading has-text-align-center\">CURSO DE PADEL EN ANDALUC\u00cdA CON VINCENT LEROY<\/h4>\n\n\n\n<h1 class=\"wp-block-heading has-text-align-center\"><span style=\"font-variant: small-caps;\">TROPICAL TRAINING<\/span><\/h1>\n\n\n\n<div style=\"height:30px\" aria-hidden=\"true\" class=\"wp-block-spacer\"><\/div>\n\n\n\n<p>Vincent Leroy fue profesor de tenis durante m\u00e1s de veinte a\u00f1os en Francia antes de trasladarse a Espa\u00f1a hace m\u00e1s de cinco a\u00f1os. Ha creado <span style=\"font-variant: small-caps;\"><strong>Tropical Training<\/strong><\/span> en 2018, inscrita en el directorio de empresas y establecimientos, en Francia, luego registrada en 2022 como independiente en Espa\u00f1a. Te acoger\u00e1 en un ambiente agradable, deportivo y personalizado. Compartir\u00e1 contigo su pasi\u00f3n por el p\u00e1del, un deporte muy desarrollado en Espa\u00f1a, y especialmente en Andaluc\u00eda, desde hace m\u00e1s de treinta a\u00f1os.<\/p>\n\n\n\n<p>Vincent organiza cursos en la COSTA DEL SOL y la COSTA TROPICAL, entre M\u00e1laga y Motril.<br>Los cursos se realizan de lunes a viernes, generalmente durante cinco d\u00edas, pero tambi\u00e9n nos adaptamos a tus peticiones (cursos de 3 d\u00edas por ejemplo).<\/p>\n\n\n\n<p><span style=\"font-variant: small-caps;\"><strong>Tropical Training<\/strong><\/span> tambi\u00e9n te ofrece la oportunidad de descubrir esta regi\u00f3n en forma de diferentes <strong>PACKS<\/strong>:<\/p>\n\n\n\n<p><br><\/p>\n\n\n\n<h4 class=\"wp-block-heading\"><span class=\"fa fa-bicycle\" style=\"font-size:27px\"> <\/span> Pack <span style=\"font-variant: small-caps;\">Deporte<\/span><\/h4>\n\n\n\n<p>Alojamiento + curso deportivo (p\u00e1del, tenis, esqu\u00ed\u2026 ver apartado de deportes\u2026).<\/p>\n\n\n\n<div style=\"height:30px\" aria-hidden=\"true\" class=\"wp-block-spacer\"><\/div>\n\n\n\n<h4 class=\"wp-block-heading\"><span class=\"fa fa-university\" style=\"font-size:27px\"> <\/span> Pack <span style=\"font-variant: small-caps;\">ocio\/cultura<\/span><\/h4>\n\n\n\n<p>Alojamiento + visitas culturales (Palacio de la Alhambra, SPA, parque acu\u00e1tico, etc.).<\/p>\n\n\n\n<div style=\"height:30px\" aria-hidden=\"true\" class=\"wp-block-spacer\"><\/div>\n\n\n\n<h4 class=\"wp-block-heading\"><span class=\"fa fa-cogs\" aria-hidden=\"true\" style=\"font-size:27px\"> <\/span> Pack <span style=\"font-variant: small-caps;\">personalizado<\/span><\/h4>\n\n\n\n<p>Alojamiento y\/o actividades deportivas (y\/o de ocio) de tu elecci\u00f3n.<\/p>\n\n\n\n<div style=\"height:30px\" aria-hidden=\"true\" class=\"wp-block-spacer\"><\/div>\n\n\n\n<div class=\"wp-block-columns are-vertically-aligned-center is-layout-flex wp-container-core-columns-is-layout-1 wp-block-columns-is-layout-flex\">\n<div class=\"wp-block-column is-vertically-aligned-center is-layout-flow wp-block-column-is-layout-flow\" style=\"flex-basis:100%\"><div class=\"wp-block-image\">\n<figure class=\"aligncenter size-full\"><img loading=\"lazy\" decoding=\"async\" width=\"599\" height=\"519\" src=\"https:\/\/tropicaltraining.holiday\/wp-content\/uploads\/2019\/02\/mapa-1.jpg\" alt=\"Mapa Tropical Training\" class=\"wp-image-694\" srcset=\"https:\/\/tropicaltraining.holiday\/wp-content\/uploads\/2019\/02\/mapa-1.jpg 599w, https:\/\/tropicaltraining.holiday\/wp-content\/uploads\/2019\/02\/mapa-1-300x260.jpg 300w\" sizes=\"(max-width: 599px) 100vw, 599px\" \/><\/figure><\/div><\/div>\n<\/div>\n\n\n\n<div style=\"height:30px\" aria-hidden=\"true\" class=\"wp-block-spacer\"><\/div>\n\n\n<div class=\"wp-block-image\">\n<figure class=\"aligncenter size-large\"><img loading=\"lazy\" decoding=\"async\" width=\"1024\" height=\"372\" src=\"https:\/\/tropicaltraining.holiday\/wp-content\/uploads\/2019\/05\/Burriana-1024x372.jpg\" alt=\"Burriana\" class=\"wp-image-990\"\/><\/figure><\/div>\n\n\n<div style=\"height:30px\" aria-hidden=\"true\" class=\"wp-block-spacer\"><\/div>\n\n\n\n<div class=\"wp-block-columns is-layout-flex wp-container-core-columns-is-layout-2 wp-block-columns-is-layout-flex\">\n<div class=\"wp-block-column is-layout-flow wp-block-column-is-layout-flow\">\n<script src=\"https:\/\/cdn.jsdelivr.net\/npm\/publicalbum@latest\/embed-ui.min.js\" async><\/script>\n<div class=\"pa-carousel-widget\" style=\"width:100%; height:480px; display:none;\"\n  data-link=\"https:\/\/photos.app.goo.gl\/BVjV8StohV4CcfDx5\"\n  data-title=\"Les dieux du stade\"\n  data-description=\"7 new items \u00b7 Memory by Rub\u00e9n S\u00e1nchez Victoria\">\n  <object data=\"https:\/\/lh3.googleusercontent.com\/pw\/ADCreHcprFGEVnuff5D6Ulrql9LL4ufeVfH3YZ5q14i3LAMOBW2Mk5zMVv1jussxOheKwH6jytsvMCVBVcv7zEK617_wzMXe5jNtZPfW7P07SVvNrVT-dPA=w1920-h1080\"><\/object>\n  <object data=\"https:\/\/lh3.googleusercontent.com\/pw\/ADCreHdaSTuirbgzi2k6oOyKZU8V02ysZs5AnRlyLhtGvQZ5GInK4JqaKJLQiGWlVOnAsi_Q6dWb1KlF9qbfNc2Y6KIjNYBa1r9RdQzNikj6d468cwxm6VM=w1920-h1080\"><\/object>\n  <object data=\"https:\/\/lh3.googleusercontent.com\/pw\/ADCreHd7Ku6aNtxq0DlSfhDfjlfgpnlfxEnueN61kXRaNhXP-cada38l6ojPUQeViUYURjMnE6G4CYfw-b26B2ODg-5pmmQFvlakTYx9MCC0WXSHVJRUJjg=w1920-h1080\"><\/object>\n  <object data=\"https:\/\/lh3.googleusercontent.com\/pw\/ADCreHdKoBOfQhLNJ90ViOAC1JlfZnUk03IzIYOkSZjACigB3Vf7qCsLpK7LxKby0BdxHFI5NQ6mKIvN-7TlCnYcA5z4LXli3RRySQIbdndSeUkdudZ7Ols=w1920-h1080\"><\/object>\n  <object data=\"https:\/\/lh3.googleusercontent.com\/pw\/ADCreHdeRG4d_QaVoYcojHcqndxP1Zx9D0LPZZln4Nncv1gLgwaFQdGOg9nI8CSB73WapIxGYgYCCkCnLCywBkqncsCx7HqZTLH2WDgl8Pz00QbcgDww2T0=w1920-h1080\"><\/object>\n  <object data=\"https:\/\/lh3.googleusercontent.com\/pw\/ADCreHeRc57cIVJVRukK3tdgZJM0PlilUM5C9vjHEJ_gAVX_alH29meQ6zPLviEG1QyUcY_cQ2iyNkIKQNd-mjhTx1Hi2cnIvX-TSQr78URkFdq4oxVia7s=w1920-h1080\"><\/object>\n  <object data=\"https:\/\/lh3.googleusercontent.com\/pw\/ADCreHeCVj8ViY9BmslZae19awtyF5_5iVvBO9-Jl2bs0H67IhMS4VLdPfusuS9qIri3Qz8YOS_Y5hyyYWBNYxUtNzmZet4Te5GgQtsn1jBaoCRfHS11Q40=w1920-h1080\"><\/object>\n<\/div>\n<\/div>\n<\/div>","protected":false},"excerpt":{"rendered":"<p>STAGE DE PADEL EN ANDALOUSIE AVEC VINCENT LEROY TROPICAL TRAINING Vincent Leroy a \u00e9t\u00e9 professeur de tennis plus de vingt ans en France avant de s&rsquo;installer en Espagne il y a plus de cinq ans. Il a cr\u00e9e Tropical Training en 2018,enregistr\u00e9e au r\u00e9pertoire des entreprises et des \u00e9tablissements, en France, puis est enregistr\u00e9 en [&hellip;]<\/p>","protected":false},"author":2,"featured_media":0,"parent":0,"menu_order":0,"comment_status":"closed","ping_status":"closed","template":"templates\/template-page-full-width.php","meta":{"om_disable_all_campaigns":false,"_monsterinsights_skip_tracking":false,"_monsterinsights_sitenote_active":false,"_monsterinsights_sitenote_note":"","_monsterinsights_sitenote_category":0,"footnotes":""},"aioseo_notices":[],"_links":{"self":[{"href":"https:\/\/tropicaltraining.holiday\/es\/wp-json\/wp\/v2\/pages\/108"}],"collection":[{"href":"https:\/\/tropicaltraining.holiday\/es\/wp-json\/wp\/v2\/pages"}],"about":[{"href":"https:\/\/tropicaltraining.holiday\/es\/wp-json\/wp\/v2\/types\/page"}],"author":[{"embeddable":true,"href":"https:\/\/tropicaltraining.holiday\/es\/wp-json\/wp\/v2\/users\/2"}],"replies":[{"embeddable":true,"href":"https:\/\/tropicaltraining.holiday\/es\/wp-json\/wp\/v2\/comments?post=108"}],"version-history":[{"count":99,"href":"https:\/\/tropicaltraining.holiday\/es\/wp-json\/wp\/v2\/pages\/108\/revisions"}],"predecessor-version":[{"id":1478,"href":"https:\/\/tropicaltraining.holiday\/es\/wp-json\/wp\/v2\/pages\/108\/revisions\/1478"}],"wp:attachment":[{"href":"https:\/\/tropicaltraining.holiday\/es\/wp-json\/wp\/v2\/media?parent=108"}],"curies":[{"name":"wp","href":"https:\/\/api.w.org\/{rel}","templated":true}]}}