{"id":1384,"date":"2023-10-03T10:35:41","date_gmt":"2023-10-03T10:35:41","guid":{"rendered":"https:\/\/tropicaltraining.holiday\/?page_id=1384"},"modified":"2023-10-26T16:21:47","modified_gmt":"2023-10-26T16:21:47","slug":"playtomic","status":"publish","type":"page","link":"https:\/\/tropicaltraining.holiday\/es\/playtomic\/","title":{"rendered":"Playtomic"},"content":{"rendered":"<h1 class=\"wp-block-heading has-text-align-center\"><span style=\"font-variant: small-caps;\">\u00a1Estamos en Playtomic!<\/span><\/h1>\n\n\n<div class=\"wp-block-image\">\n<figure class=\"aligncenter size-large\"><img loading=\"lazy\" decoding=\"async\" width=\"729\" height=\"1024\" src=\"https:\/\/tropicaltraining.holiday\/wp-content\/uploads\/2023\/10\/Poster-729x1024.jpg\" alt=\"\" class=\"wp-image-1414\" srcset=\"https:\/\/tropicaltraining.holiday\/wp-content\/uploads\/2023\/10\/Poster-729x1024.jpg 729w, https:\/\/tropicaltraining.holiday\/wp-content\/uploads\/2023\/10\/Poster-214x300.jpg 214w, https:\/\/tropicaltraining.holiday\/wp-content\/uploads\/2023\/10\/Poster.jpg 734w\" sizes=\"(max-width: 729px) 100vw, 729px\" \/><\/figure><\/div>\n\n\n<div style=\"height:30px\" aria-hidden=\"true\" class=\"wp-block-spacer\"><\/div>\n\n\n\n<p>\u00a1Bienvenido a Playtomic! Estamos emocionados de tenerte a bordo en nuestra emocionante comunidad de jugadores y entusiastas del deporte. En Playtomic, no solo encontrar\u00e1s una aplicaci\u00f3n, sino un universo completo dedicado a ayudarte a encontrar la actividad f\u00edsica que amas y a conectar con personas que comparten tus intereses. Ya sea que est\u00e9s buscando un nuevo campo de f\u00fatbol para jugar con amigos, un compa\u00f1ero de tenis para mejorar tus habilidades o un gimnasio cercano para mantenerte en forma, Playtomic tiene todo lo que necesitas al alcance de tus manos.<\/p>\n\n\n\n<div style=\"height:30px\" aria-hidden=\"true\" class=\"wp-block-spacer\"><\/div>\n\n\n\n<div class=\"wp-block-carousel-slider-slider\"><div class=\"carousel-slider-outer carousel-slider-outer-image-carousel carousel-slider-outer-1274 swiper navigation-visibility-hover navigation-position-inside pagination-visibility-never pagination-shape-square pagination-align-center\" style=\"--carousel-slider-nav-color:#f1f1f1;--carousel-slider-active-nav-color:rgb(238,89,31);--carousel-slider-arrow-size:48px;--carousel-slider-bullet-size:10px;--swiper-theme-color:#f1f1f1;--swiper-navigation-size:48px;--swiper-pagination-bullet-size:10px\">\n<div id=\"&#039;id-1274\" class=\"carousel-slider carousel-slider-1274 arrows-visibility-hover dots-visibility-never arrows-inside dots-center dots-square swiper-wrapper\" data-slide-type=\"image-carousel\" data-swiper='{\"navigation\":{\"nextEl\":\".swiper-button-next\",\"prevEl\":\".swiper-button-prev\"},\"pagination\":false,\"direction\":\"horizontal\",\"loop\":true,\"slidesOffsetBefore\":0,\"slidesOffsetAfter\":0,\"speed\":500,\"spaceBetween\":10,\"slidesPerView\":1,\"breakpoints\":{\"300\":{\"slidesPerView\":1},\"576\":{\"slidesPerView\":1},\"768\":{\"slidesPerView\":1},\"1024\":{\"slidesPerView\":1},\"1280\":{\"slidesPerView\":1},\"1536\":{\"slidesPerView\":1}},\"autoplay\":{\"delay\":5000,\"pauseOnMouseEnter\":true}}'>\n<div class=\"swiper-slide\"><div class=\"carousel-slider__item\">\n\t<img loading=\"lazy\" decoding=\"async\" width=\"300\" height=\"300\" src=\"https:\/\/tropicaltraining.holiday\/wp-content\/uploads\/2023\/10\/Sticker-02-300x300.png\" class=\"attachment-medium size-medium\" alt=\"\" srcset=\"https:\/\/tropicaltraining.holiday\/wp-content\/uploads\/2023\/10\/Sticker-02-300x300.png 300w, https:\/\/tropicaltraining.holiday\/wp-content\/uploads\/2023\/10\/Sticker-02-150x150.png 150w, https:\/\/tropicaltraining.holiday\/wp-content\/uploads\/2023\/10\/Sticker-02.png 723w\" sizes=\"(max-width: 300px) 100vw, 300px\" \/><\/a><\/div>\n<\/div>\n<div class=\"swiper-slide\"><div class=\"carousel-slider__item\">\n\t<img loading=\"lazy\" decoding=\"async\" width=\"300\" height=\"300\" src=\"https:\/\/tropicaltraining.holiday\/wp-content\/uploads\/2023\/10\/Sticker-03-300x300.png\" class=\"attachment-medium size-medium\" alt=\"\" srcset=\"https:\/\/tropicaltraining.holiday\/wp-content\/uploads\/2023\/10\/Sticker-03-300x300.png 300w, https:\/\/tropicaltraining.holiday\/wp-content\/uploads\/2023\/10\/Sticker-03-150x150.png 150w, https:\/\/tropicaltraining.holiday\/wp-content\/uploads\/2023\/10\/Sticker-03.png 723w\" sizes=\"(max-width: 300px) 100vw, 300px\" \/><\/a><\/div>\n<\/div>\n<div class=\"swiper-slide\"><div class=\"carousel-slider__item\">\n\t<img loading=\"lazy\" decoding=\"async\" width=\"300\" height=\"300\" src=\"https:\/\/tropicaltraining.holiday\/wp-content\/uploads\/2023\/10\/Sticker-04-300x300.png\" class=\"attachment-medium size-medium\" alt=\"\" srcset=\"https:\/\/tropicaltraining.holiday\/wp-content\/uploads\/2023\/10\/Sticker-04-300x300.png 300w, https:\/\/tropicaltraining.holiday\/wp-content\/uploads\/2023\/10\/Sticker-04-150x150.png 150w, https:\/\/tropicaltraining.holiday\/wp-content\/uploads\/2023\/10\/Sticker-04.png 723w\" sizes=\"(max-width: 300px) 100vw, 300px\" \/><\/a><\/div>\n<\/div>\n<div class=\"swiper-slide\"><div class=\"carousel-slider__item\">\n\t<img loading=\"lazy\" decoding=\"async\" width=\"300\" height=\"300\" src=\"https:\/\/tropicaltraining.holiday\/wp-content\/uploads\/2023\/10\/Sticker-05-300x300.png\" class=\"attachment-medium size-medium\" alt=\"\" srcset=\"https:\/\/tropicaltraining.holiday\/wp-content\/uploads\/2023\/10\/Sticker-05-300x300.png 300w, https:\/\/tropicaltraining.holiday\/wp-content\/uploads\/2023\/10\/Sticker-05-150x150.png 150w, https:\/\/tropicaltraining.holiday\/wp-content\/uploads\/2023\/10\/Sticker-05.png 723w\" sizes=\"(max-width: 300px) 100vw, 300px\" \/><\/a><\/div>\n<\/div>\n<div class=\"swiper-slide\"><div class=\"carousel-slider__item\">\n\t<img loading=\"lazy\" decoding=\"async\" width=\"300\" height=\"300\" src=\"https:\/\/tropicaltraining.holiday\/wp-content\/uploads\/2023\/10\/Sticker-06-300x300.png\" class=\"attachment-medium size-medium\" alt=\"\" srcset=\"https:\/\/tropicaltraining.holiday\/wp-content\/uploads\/2023\/10\/Sticker-06-300x300.png 300w, https:\/\/tropicaltraining.holiday\/wp-content\/uploads\/2023\/10\/Sticker-06-150x150.png 150w, https:\/\/tropicaltraining.holiday\/wp-content\/uploads\/2023\/10\/Sticker-06.png 723w\" sizes=\"(max-width: 300px) 100vw, 300px\" \/><\/a><\/div>\n<\/div>\n<div class=\"swiper-slide\"><div class=\"carousel-slider__item\">\n\t<img loading=\"lazy\" decoding=\"async\" width=\"300\" height=\"300\" src=\"https:\/\/tropicaltraining.holiday\/wp-content\/uploads\/2023\/10\/Sticker-07-300x300.png\" class=\"attachment-medium size-medium\" alt=\"\" srcset=\"https:\/\/tropicaltraining.holiday\/wp-content\/uploads\/2023\/10\/Sticker-07-300x300.png 300w, https:\/\/tropicaltraining.holiday\/wp-content\/uploads\/2023\/10\/Sticker-07-150x150.png 150w, https:\/\/tropicaltraining.holiday\/wp-content\/uploads\/2023\/10\/Sticker-07.png 723w\" sizes=\"(max-width: 300px) 100vw, 300px\" \/><\/a><\/div>\n<\/div>\n<div class=\"swiper-slide\"><div class=\"carousel-slider__item\">\n\t<img loading=\"lazy\" decoding=\"async\" width=\"300\" height=\"300\" src=\"https:\/\/tropicaltraining.holiday\/wp-content\/uploads\/2023\/10\/Sticker-08-300x300.png\" class=\"attachment-medium size-medium\" alt=\"\" srcset=\"https:\/\/tropicaltraining.holiday\/wp-content\/uploads\/2023\/10\/Sticker-08-300x300.png 300w, https:\/\/tropicaltraining.holiday\/wp-content\/uploads\/2023\/10\/Sticker-08-150x150.png 150w, https:\/\/tropicaltraining.holiday\/wp-content\/uploads\/2023\/10\/Sticker-08.png 723w\" sizes=\"(max-width: 300px) 100vw, 300px\" \/><\/a><\/div>\n<\/div>\n<div class=\"swiper-slide\"><div class=\"carousel-slider__item\">\n\t<img loading=\"lazy\" decoding=\"async\" width=\"300\" height=\"300\" src=\"https:\/\/tropicaltraining.holiday\/wp-content\/uploads\/2023\/10\/Sticker-09-300x300.png\" class=\"attachment-medium size-medium\" alt=\"\" srcset=\"https:\/\/tropicaltraining.holiday\/wp-content\/uploads\/2023\/10\/Sticker-09-300x300.png 300w, https:\/\/tropicaltraining.holiday\/wp-content\/uploads\/2023\/10\/Sticker-09-150x150.png 150w, https:\/\/tropicaltraining.holiday\/wp-content\/uploads\/2023\/10\/Sticker-09.png 723w\" sizes=\"(max-width: 300px) 100vw, 300px\" \/><\/a><\/div>\n<\/div>\n<\/div><!-- .carousel-slider-1274 -->\n<div class=\"swiper-button-prev\"><\/div><div class=\"swiper-button-next\"><\/div><\/div><!-- .carousel-slider-outer-1274 -->\n<\/div>\n\n\n\n<div style=\"height:30px\" aria-hidden=\"true\" class=\"wp-block-spacer\"><\/div>\n\n\n\n<p>Nuestra aplicaci\u00f3n ha sido dise\u00f1ada pensando en ti, con una interfaz f\u00e1cil de usar que te permite explorar una amplia gama de opciones deportivas en tu \u00e1rea local. Adem\u00e1s, te ofrecemos la posibilidad de reservar instalaciones y participar en eventos emocionantes, todo en un solo lugar. Con Playtomic, queremos inspirarte a mantenerte activo, mejorar tus habilidades y, lo m\u00e1s importante, hacer nuevos amigos que compartan tu pasi\u00f3n por el deporte. Estamos comprometidos en ofrecerte una experiencia \u00fanica, donde la comunidad y la diversi\u00f3n se encuentran en el centro de todo lo que hacemos.<\/p>\n\n\n\n<p>As\u00ed que, adelante, explora, reserva y \u00fanete a la emoci\u00f3n. Playtomic est\u00e1 aqu\u00ed para ayudarte a llevar tu pasi\u00f3n por el deporte al siguiente nivel. \u00a1Bienvenido a una nueva era de juego!<\/p>\n\n\n\n<p>Accede a <a href=\"https:\/\/playtomic.io\/padel-frigiliana\/ca869a64-27dc-4f5e-ba69-13ad1cafc5b8?q=PADEL~2023-10-26~~~\" target=\"_blank\" rel=\"noreferrer noopener\">Playtomic<\/a> mediante este enlace o escaneando cualquier c\u00f3digo QR que hay en pantalla.<\/p>\n\n\n\n<div style=\"height:30px\" aria-hidden=\"true\" class=\"wp-block-spacer\"><\/div>\n\n\n\n<div class=\"wp-block-carousel-slider-slider\"><div class=\"carousel-slider-outer carousel-slider-outer-image-carousel carousel-slider-outer-1127 swiper navigation-visibility-hover navigation-position-inside pagination-visibility-hover pagination-shape-square pagination-align-center\" style=\"--carousel-slider-nav-color:#f1f1f1;--carousel-slider-active-nav-color:rgb(238,89,31);--carousel-slider-arrow-size:48px;--carousel-slider-bullet-size:10px;--swiper-theme-color:#f1f1f1;--swiper-navigation-size:48px;--swiper-pagination-bullet-size:10px\">\n<div id=\"&#039;id-1127\" class=\"carousel-slider carousel-slider-1127 arrows-visibility-hover dots-visibility-hover arrows-inside dots-center dots-square swiper-wrapper\" data-slide-type=\"image-carousel\" data-swiper='{\"navigation\":{\"nextEl\":\".swiper-button-next\",\"prevEl\":\".swiper-button-prev\"},\"pagination\":{\"el\":\".swiper-pagination\",\"type\":\"bullets\",\"clickable\":true},\"direction\":\"horizontal\",\"loop\":true,\"slidesOffsetBefore\":0,\"slidesOffsetAfter\":0,\"speed\":500,\"spaceBetween\":10,\"slidesPerView\":1,\"breakpoints\":{\"300\":{\"slidesPerView\":1},\"576\":{\"slidesPerView\":1},\"768\":{\"slidesPerView\":1},\"1024\":{\"slidesPerView\":1},\"1280\":{\"slidesPerView\":1},\"1536\":{\"slidesPerView\":1}},\"autoplay\":{\"delay\":5000,\"pauseOnMouseEnter\":true}}'>\n<div class=\"swiper-slide\"><div class=\"carousel-slider__item\">\n\t<img loading=\"lazy\" decoding=\"async\" width=\"500\" height=\"333\" src=\"https:\/\/tropicaltraining.holiday\/wp-content\/uploads\/2023\/10\/Playtomic-01-500x333.jpeg\" class=\"attachment-medium size-medium\" alt=\"\" srcset=\"https:\/\/tropicaltraining.holiday\/wp-content\/uploads\/2023\/10\/Playtomic-01-500x333.jpeg 500w, https:\/\/tropicaltraining.holiday\/wp-content\/uploads\/2023\/10\/Playtomic-01-1024x683.jpeg 1024w, https:\/\/tropicaltraining.holiday\/wp-content\/uploads\/2023\/10\/Playtomic-01-768x512.jpeg 768w, https:\/\/tropicaltraining.holiday\/wp-content\/uploads\/2023\/10\/Playtomic-01-1536x1024.jpeg 1536w, https:\/\/tropicaltraining.holiday\/wp-content\/uploads\/2023\/10\/Playtomic-01.jpeg 1600w\" sizes=\"(max-width: 500px) 100vw, 500px\" \/><\/a><\/div>\n<\/div>\n<div class=\"swiper-slide\"><div class=\"carousel-slider__item\">\n\t<img loading=\"lazy\" decoding=\"async\" width=\"333\" height=\"500\" src=\"https:\/\/tropicaltraining.holiday\/wp-content\/uploads\/2023\/10\/Playtomic-02-333x500.jpeg\" class=\"attachment-medium size-medium\" alt=\"\" srcset=\"https:\/\/tropicaltraining.holiday\/wp-content\/uploads\/2023\/10\/Playtomic-02-333x500.jpeg 333w, https:\/\/tropicaltraining.holiday\/wp-content\/uploads\/2023\/10\/Playtomic-02-682x1024.jpeg 682w, https:\/\/tropicaltraining.holiday\/wp-content\/uploads\/2023\/10\/Playtomic-02-768x1153.jpeg 768w, https:\/\/tropicaltraining.holiday\/wp-content\/uploads\/2023\/10\/Playtomic-02-1023x1536.jpeg 1023w, https:\/\/tropicaltraining.holiday\/wp-content\/uploads\/2023\/10\/Playtomic-02.jpeg 1066w\" sizes=\"(max-width: 333px) 100vw, 333px\" \/><\/a><\/div>\n<\/div>\n<div class=\"swiper-slide\"><div class=\"carousel-slider__item\">\n\t<img loading=\"lazy\" decoding=\"async\" width=\"333\" height=\"500\" src=\"https:\/\/tropicaltraining.holiday\/wp-content\/uploads\/2023\/10\/Playtomic-03-333x500.jpeg\" class=\"attachment-medium size-medium\" alt=\"\" srcset=\"https:\/\/tropicaltraining.holiday\/wp-content\/uploads\/2023\/10\/Playtomic-03-333x500.jpeg 333w, https:\/\/tropicaltraining.holiday\/wp-content\/uploads\/2023\/10\/Playtomic-03-682x1024.jpeg 682w, https:\/\/tropicaltraining.holiday\/wp-content\/uploads\/2023\/10\/Playtomic-03-768x1153.jpeg 768w, https:\/\/tropicaltraining.holiday\/wp-content\/uploads\/2023\/10\/Playtomic-03-1023x1536.jpeg 1023w, https:\/\/tropicaltraining.holiday\/wp-content\/uploads\/2023\/10\/Playtomic-03.jpeg 1066w\" sizes=\"(max-width: 333px) 100vw, 333px\" \/><\/a><\/div>\n<\/div>\n<div class=\"swiper-slide\"><div class=\"carousel-slider__item\">\n\t<img loading=\"lazy\" decoding=\"async\" width=\"333\" height=\"500\" src=\"https:\/\/tropicaltraining.holiday\/wp-content\/uploads\/2023\/10\/Playtomic-04-333x500.jpeg\" class=\"attachment-medium size-medium\" alt=\"\" srcset=\"https:\/\/tropicaltraining.holiday\/wp-content\/uploads\/2023\/10\/Playtomic-04-333x500.jpeg 333w, https:\/\/tropicaltraining.holiday\/wp-content\/uploads\/2023\/10\/Playtomic-04-682x1024.jpeg 682w, https:\/\/tropicaltraining.holiday\/wp-content\/uploads\/2023\/10\/Playtomic-04-768x1153.jpeg 768w, https:\/\/tropicaltraining.holiday\/wp-content\/uploads\/2023\/10\/Playtomic-04-1023x1536.jpeg 1023w, https:\/\/tropicaltraining.holiday\/wp-content\/uploads\/2023\/10\/Playtomic-04.jpeg 1066w\" sizes=\"(max-width: 333px) 100vw, 333px\" \/><\/a><\/div>\n<\/div>\n<div class=\"swiper-slide\"><div class=\"carousel-slider__item\">\n\t<img loading=\"lazy\" decoding=\"async\" width=\"333\" height=\"500\" src=\"https:\/\/tropicaltraining.holiday\/wp-content\/uploads\/2023\/10\/Playtomic-05-333x500.jpeg\" class=\"attachment-medium size-medium\" alt=\"\" srcset=\"https:\/\/tropicaltraining.holiday\/wp-content\/uploads\/2023\/10\/Playtomic-05-333x500.jpeg 333w, https:\/\/tropicaltraining.holiday\/wp-content\/uploads\/2023\/10\/Playtomic-05-682x1024.jpeg 682w, https:\/\/tropicaltraining.holiday\/wp-content\/uploads\/2023\/10\/Playtomic-05-768x1153.jpeg 768w, https:\/\/tropicaltraining.holiday\/wp-content\/uploads\/2023\/10\/Playtomic-05-1023x1536.jpeg 1023w, https:\/\/tropicaltraining.holiday\/wp-content\/uploads\/2023\/10\/Playtomic-05.jpeg 1066w\" sizes=\"(max-width: 333px) 100vw, 333px\" \/><\/a><\/div>\n<\/div>\n<div class=\"swiper-slide\"><div class=\"carousel-slider__item\">\n\t<img loading=\"lazy\" decoding=\"async\" width=\"333\" height=\"500\" src=\"https:\/\/tropicaltraining.holiday\/wp-content\/uploads\/2023\/10\/Playtomic-06-333x500.jpeg\" class=\"attachment-medium size-medium\" alt=\"\" srcset=\"https:\/\/tropicaltraining.holiday\/wp-content\/uploads\/2023\/10\/Playtomic-06-333x500.jpeg 333w, https:\/\/tropicaltraining.holiday\/wp-content\/uploads\/2023\/10\/Playtomic-06-682x1024.jpeg 682w, https:\/\/tropicaltraining.holiday\/wp-content\/uploads\/2023\/10\/Playtomic-06-768x1153.jpeg 768w, https:\/\/tropicaltraining.holiday\/wp-content\/uploads\/2023\/10\/Playtomic-06-1023x1536.jpeg 1023w, https:\/\/tropicaltraining.holiday\/wp-content\/uploads\/2023\/10\/Playtomic-06.jpeg 1066w\" sizes=\"(max-width: 333px) 100vw, 333px\" \/><\/a><\/div>\n<\/div>\n<div class=\"swiper-slide\"><div class=\"carousel-slider__item\">\n\t<img loading=\"lazy\" decoding=\"async\" width=\"500\" height=\"333\" src=\"https:\/\/tropicaltraining.holiday\/wp-content\/uploads\/2023\/10\/Playtomic-07-500x333.jpeg\" class=\"attachment-medium size-medium\" alt=\"\" srcset=\"https:\/\/tropicaltraining.holiday\/wp-content\/uploads\/2023\/10\/Playtomic-07-500x333.jpeg 500w, https:\/\/tropicaltraining.holiday\/wp-content\/uploads\/2023\/10\/Playtomic-07-1024x682.jpeg 1024w, https:\/\/tropicaltraining.holiday\/wp-content\/uploads\/2023\/10\/Playtomic-07-768x512.jpeg 768w, https:\/\/tropicaltraining.holiday\/wp-content\/uploads\/2023\/10\/Playtomic-07-1536x1023.jpeg 1536w, https:\/\/tropicaltraining.holiday\/wp-content\/uploads\/2023\/10\/Playtomic-07.jpeg 1600w\" sizes=\"(max-width: 500px) 100vw, 500px\" \/><\/a><\/div>\n<\/div>\n<\/div><!-- .carousel-slider-1127 -->\n<div class=\"swiper-pagination\"><\/div><div class=\"swiper-button-prev\"><\/div><div class=\"swiper-button-next\"><\/div><\/div><!-- .carousel-slider-outer-1127 -->\n<\/div>","protected":false},"excerpt":{"rendered":"<p>Nous sommes \u00e0 Playtomic! Bienvenue \u00e0 Playtomic! Nous sommes ravis de vous avoir \u00e0 bord dans notre communaut\u00e9 passionnante de joueurs et de passionn\u00e9s de sport. Chez Playtomic, vous ne trouverez pas seulement une application, mais un univers entier d\u00e9di\u00e9 \u00e0 vous aider \u00e0 trouver l&rsquo;activit\u00e9 physique que vous aimez et \u00e0 vous connecter avec [&hellip;]<\/p>","protected":false},"author":2,"featured_media":0,"parent":0,"menu_order":20,"comment_status":"closed","ping_status":"closed","template":"","meta":{"om_disable_all_campaigns":false,"_monsterinsights_skip_tracking":false,"_monsterinsights_sitenote_active":false,"_monsterinsights_sitenote_note":"","_monsterinsights_sitenote_category":0,"footnotes":""},"aioseo_notices":[],"_links":{"self":[{"href":"https:\/\/tropicaltraining.holiday\/es\/wp-json\/wp\/v2\/pages\/1384"}],"collection":[{"href":"https:\/\/tropicaltraining.holiday\/es\/wp-json\/wp\/v2\/pages"}],"about":[{"href":"https:\/\/tropicaltraining.holiday\/es\/wp-json\/wp\/v2\/types\/page"}],"author":[{"embeddable":true,"href":"https:\/\/tropicaltraining.holiday\/es\/wp-json\/wp\/v2\/users\/2"}],"replies":[{"embeddable":true,"href":"https:\/\/tropicaltraining.holiday\/es\/wp-json\/wp\/v2\/comments?post=1384"}],"version-history":[{"count":10,"href":"https:\/\/tropicaltraining.holiday\/es\/wp-json\/wp\/v2\/pages\/1384\/revisions"}],"predecessor-version":[{"id":1453,"href":"https:\/\/tropicaltraining.holiday\/es\/wp-json\/wp\/v2\/pages\/1384\/revisions\/1453"}],"wp:attachment":[{"href":"https:\/\/tropicaltraining.holiday\/es\/wp-json\/wp\/v2\/media?parent=1384"}],"curies":[{"name":"wp","href":"https:\/\/api.w.org\/{rel}","templated":true}]}}